{"id":13938,"date":"2025-10-01T16:11:15","date_gmt":"2025-10-01T14:11:15","guid":{"rendered":"https:\/\/www.laurenrosethecollection.com\/?post_type=product&#038;p=13938"},"modified":"2025-11-14T12:46:36","modified_gmt":"2025-11-14T11:46:36","slug":"brand-xpert-nutrients-allover-print-snapback","status":"publish","type":"product","link":"https:\/\/www.laurenrosethecollection.com\/?product=brand-xpert-nutrients-allover-print-snapback","title":{"rendered":"BRAND: Xpert Nutrients &#8211; Allover Print Snapback"},"content":{"rendered":"<p>Based in Navarr\u00e9s, Valencia (Pol\u00edgono Industrial Joaqu\u00edn S\u00e1enz Merino M2, 46183) in Spain, Xpert Nutrients Worldwide S.L. is a powerhouse in plant-nutrition, with a European footprint and a reputation for excellence.<\/p>\n<p>When Xpert Nutrients set out to create a standout merchandise piece, they teamed up with Lauren Rose to bring a fresh, bold look to their brand. The result: an exclusive all-over print premium straight-brim hat that embodies Xpert&#8217;s precision, power, and commitment to growth.<\/p>\n<p>The company develops high-quality liquid fertilizers and soils designed to deliver maximum productivity and massive harvests \u2014 trusted by growers throughout Europe and beyond<\/p>\n<p>When Xpert Nutrients set out to create a standout merchandise piece, they teamed up with Lauren Rose to bring a fresh, bold look to their brand. The result: an exclusive all-over print premium straight-brim hat that embodies Xpert&#8217;s precision, power, and commitment to growth.<\/p>\n<p>This collaboration fuses innovation, performance and style \u2014 showing that achieving greatness in the garden can also translate into standout streetwear.<br \/>\nGrow strong. Harvest bigger. Wear Xpert.<\/p>\n","protected":false},"excerpt":{"rendered":"<p>Based in Navarr\u00e9s, Valencia (Pol\u00edgono Industrial Joaqu\u00edn S\u00e1enz Merino M2, 46183) in Spain, Xpert Nutrients Worldwide S.L. is a powerhouse in plant-nutrition, with a European footprint and a reputation for excellence.<\/p>\n<p>When Xpert Nutrients set out to create a standout merchandise piece, they teamed up with Lauren Rose to bring a fresh, bold look to their brand. The result: an exclusive all-over print premium straight-brim hat that embodies Xpert&#8217;s precision, power, and commitment to growth.<\/p>\n<p>The company develops high-quality liquid fertilizers and soils designed to deliver maximum productivity and massive harvests \u2014 trusted by growers throughout Europe and beyond<\/p>\n<p>When Xpert Nutrients set out to create a standout merchandise piece, they teamed up with Lauren Rose to bring a fresh, bold look to their brand. The result: an exclusive all-over print premium straight-brim hat that embodies Xpert&#8217;s precision, power, and commitment to growth.<\/p>\n<p>This collaboration fuses innovation, performance and style \u2014 showing that achieving greatness in the garden can also translate into standout streetwear.<br \/>\nGrow strong. Harvest bigger. Wear Xpert.<\/p>\n","protected":false},"featured_media":13942,"template":"","meta":[],"product_brand":[],"product_cat":[],"product_tag":[],"class_list":{"0":"post-13938","1":"product","2":"type-product","3":"status-publish","4":"has-post-thumbnail","7":"first","8":"instock","9":"shipping-taxable","10":"product-type-simple"},"_links":{"self":[{"href":"https:\/\/www.laurenrosethecollection.com\/index.php?rest_route=\/wp\/v2\/product\/13938","targetHints":{"allow":["GET"]}}],"collection":[{"href":"https:\/\/www.laurenrosethecollection.com\/index.php?rest_route=\/wp\/v2\/product"}],"about":[{"href":"https:\/\/www.laurenrosethecollection.com\/index.php?rest_route=\/wp\/v2\/types\/product"}],"wp:featuredmedia":[{"embeddable":true,"href":"https:\/\/www.laurenrosethecollection.com\/index.php?rest_route=\/wp\/v2\/media\/13942"}],"wp:attachment":[{"href":"https:\/\/www.laurenrosethecollection.com\/index.php?rest_route=%2Fwp%2Fv2%2Fmedia&parent=13938"}],"wp:term":[{"taxonomy":"product_brand","embeddable":true,"href":"https:\/\/www.laurenrosethecollection.com\/index.php?rest_route=%2Fwp%2Fv2%2Fproduct_brand&post=13938"},{"taxonomy":"product_cat","embeddable":true,"href":"https:\/\/www.laurenrosethecollection.com\/index.php?rest_route=%2Fwp%2Fv2%2Fproduct_cat&post=13938"},{"taxonomy":"product_tag","embeddable":true,"href":"https:\/\/www.laurenrosethecollection.com\/index.php?rest_route=%2Fwp%2Fv2%2Fproduct_tag&post=13938"}],"curies":[{"name":"wp","href":"https:\/\/api.w.org\/{rel}","templated":true}]}}